{"id":12636,"date":"2023-03-30T14:25:56","date_gmt":"2023-03-30T14:25:56","guid":{"rendered":"https:\/\/stancesup.com\/?post_type=product&#038;p=12636"},"modified":"2026-02-01T09:30:25","modified_gmt":"2026-02-01T09:30:25","slug":"benagil-main-cave-kayak-express-tour","status":"publish","type":"product","link":"https:\/\/stancesup.com\/en\/activities\/benagil-main-cave-kayak-express-tour\/","title":{"rendered":"Express Tour &#8211; Benagil Main Cave 1 hour"},"content":{"rendered":"<div class=\"wpb-content-wrapper\"><p>[vc_row][vc_column][vc_column_text]<strong>Included in the Price:<\/strong><\/p>\n<ul>\n<li>1h Guided Tour<\/li>\n<li>1 Waterproof Bag<\/li>\n<li>1 Waterproof Phone Pouch<\/li>\n<li>Life-Jacket<\/li>\n<\/ul>\n<p>[\/vc_column_text][\/vc_column][\/vc_row]<\/p>\n<\/div>","protected":false},"excerpt":{"rendered":"<p>Explore the striking beauty of the main Benagil Cave on a quick, but scenic, kayak tour. Paddle through stunning rock formations and soak in the natural skylight of this world-famous location. If you&#8217;re looking for an express kayak tour in the Algar de Benagil just to take photos, we&#8217;ve got&hellip;<\/p>\n","protected":false},"featured_media":12593,"comment_status":"open","ping_status":"closed","template":"","meta":[],"product_brand":[],"product_cat":[15],"product_tag":[],"class_list":{"0":"post-12636","1":"product","2":"type-product","3":"status-publish","4":"has-post-thumbnail","6":"product_cat-uncategorized","8":"first","9":"instock","10":"virtual","11":"product-type-simple","12":"thumb-has-effect","13":"prod-rating-on","14":"prod-has-rating"},"yoast_head":"<!-- This site is optimized with the Yoast SEO plugin v25.0 - https:\/\/yoast.com\/wordpress\/plugins\/seo\/ -->\n<title>STANCE - Sup &amp; Kayak Benagil - Discover Benagil in Kayak<\/title>\n<meta name=\"description\" content=\"Set out to discover Kayak, in peace with nature.In addition to the Benagil Cave which is considered one of the most famous caves in the world, the coast...\" \/>\n<meta name=\"robots\" content=\"index, follow, max-snippet:-1, max-image-preview:large, max-video-preview:-1\" \/>\n<link rel=\"canonical\" href=\"https:\/\/stancesup.com\/en\/activities\/benagil-main-cave-kayak-express-tour\/\" \/>\n<meta property=\"og:locale\" content=\"en_US\" \/>\n<meta property=\"og:type\" content=\"article\" \/>\n<meta property=\"og:title\" content=\"STANCE - Sup &amp; Kayak Benagil - Discover Benagil in Kayak\" \/>\n<meta property=\"og:description\" content=\"Set out to discover Kayak, in peace with nature.In addition to the Benagil Cave which is considered one of the most famous caves in the world, the coast...\" \/>\n<meta property=\"og:url\" content=\"https:\/\/stancesup.com\/en\/activities\/benagil-main-cave-kayak-express-tour\/\" \/>\n<meta property=\"og:site_name\" content=\"STANCE - Sup &amp; Kayak Benagil\" \/>\n<meta property=\"article:publisher\" content=\"https:\/\/www.facebook.com\/stancesup\" \/>\n<meta property=\"article:modified_time\" content=\"2026-02-01T09:30:25+00:00\" \/>\n<meta property=\"og:image\" content=\"https:\/\/stancesup.com\/wp-content\/uploads\/2023\/02\/1.jpg\" \/>\n\t<meta property=\"og:image:width\" content=\"1360\" \/>\n\t<meta property=\"og:image:height\" content=\"920\" \/>\n\t<meta property=\"og:image:type\" content=\"image\/jpeg\" \/>\n<meta name=\"twitter:card\" content=\"summary_large_image\" \/>\n<meta name=\"twitter:label1\" content=\"Est. reading time\" \/>\n\t<meta name=\"twitter:data1\" content=\"1 minute\" \/>\n<script type=\"application\/ld+json\" class=\"yoast-schema-graph\">{\"@context\":\"https:\/\/schema.org\",\"@graph\":[{\"@type\":\"WebPage\",\"@id\":\"https:\/\/stancesup.com\/en\/activities\/benagil-main-cave-kayak-express-tour\/\",\"url\":\"https:\/\/stancesup.com\/en\/activities\/benagil-main-cave-kayak-express-tour\/\",\"name\":\"STANCE - Sup &amp; Kayak Benagil - Discover Benagil in Kayak\",\"isPartOf\":{\"@id\":\"https:\/\/stancesup.com\/#website\"},\"primaryImageOfPage\":{\"@id\":\"https:\/\/stancesup.com\/en\/activities\/benagil-main-cave-kayak-express-tour\/#primaryimage\"},\"image\":{\"@id\":\"https:\/\/stancesup.com\/en\/activities\/benagil-main-cave-kayak-express-tour\/#primaryimage\"},\"thumbnailUrl\":\"https:\/\/stancesup.com\/wp-content\/uploads\/2023\/02\/1.jpg\",\"datePublished\":\"2023-03-30T14:25:56+00:00\",\"dateModified\":\"2026-02-01T09:30:25+00:00\",\"description\":\"Set out to discover Kayak, in peace with nature.In addition to the Benagil Cave which is considered one of the most famous caves in the world, the coast...\",\"breadcrumb\":{\"@id\":\"https:\/\/stancesup.com\/en\/activities\/benagil-main-cave-kayak-express-tour\/#breadcrumb\"},\"inLanguage\":\"en-US\",\"potentialAction\":[{\"@type\":\"ReadAction\",\"target\":[\"https:\/\/stancesup.com\/en\/activities\/benagil-main-cave-kayak-express-tour\/\"]}]},{\"@type\":\"ImageObject\",\"inLanguage\":\"en-US\",\"@id\":\"https:\/\/stancesup.com\/en\/activities\/benagil-main-cave-kayak-express-tour\/#primaryimage\",\"url\":\"https:\/\/stancesup.com\/wp-content\/uploads\/2023\/02\/1.jpg\",\"contentUrl\":\"https:\/\/stancesup.com\/wp-content\/uploads\/2023\/02\/1.jpg\",\"width\":1360,\"height\":920},{\"@type\":\"BreadcrumbList\",\"@id\":\"https:\/\/stancesup.com\/en\/activities\/benagil-main-cave-kayak-express-tour\/#breadcrumb\",\"itemListElement\":[{\"@type\":\"ListItem\",\"position\":1,\"name\":\"In\u00edcio\",\"item\":\"https:\/\/stancesup.com\/en\/\"},{\"@type\":\"ListItem\",\"position\":2,\"name\":\"Shop\",\"item\":\"https:\/\/stancesup.com\/en\/shop-2\/\"},{\"@type\":\"ListItem\",\"position\":3,\"name\":\"Express Tour &#8211; Benagil Main Cave 1 hour\"}]},{\"@type\":\"WebSite\",\"@id\":\"https:\/\/stancesup.com\/#website\",\"url\":\"https:\/\/stancesup.com\/\",\"name\":\"STANCE - Kayak Tours Benagil\",\"description\":\"Explore os segredos de Benagil em Kayak. Para al\u00e9m da Gruta de Benagil que \u00e9 considerada uma das grutas mais famosas do Mundo, a costa entre a Praia de Benagil e a Praia da Marinha \u00e9 repleta de grutas e praias desertas apenas acess\u00edveis por \u00e1gua, descubra esta zona paradis\u00edaca do Algarve.\",\"publisher\":{\"@id\":\"https:\/\/stancesup.com\/#organization\"},\"potentialAction\":[{\"@type\":\"SearchAction\",\"target\":{\"@type\":\"EntryPoint\",\"urlTemplate\":\"https:\/\/stancesup.com\/?s={search_term_string}\"},\"query-input\":{\"@type\":\"PropertyValueSpecification\",\"valueRequired\":true,\"valueName\":\"search_term_string\"}}],\"inLanguage\":\"en-US\"},{\"@type\":\"Organization\",\"@id\":\"https:\/\/stancesup.com\/#organization\",\"name\":\"STANCE - Kayak Tours Benagil\",\"url\":\"https:\/\/stancesup.com\/\",\"logo\":{\"@type\":\"ImageObject\",\"inLanguage\":\"en-US\",\"@id\":\"https:\/\/stancesup.com\/#\/schema\/logo\/image\/\",\"url\":\"https:\/\/stancesup.com\/wp-content\/uploads\/2020\/07\/stance-logo-manutencao.png\",\"contentUrl\":\"https:\/\/stancesup.com\/wp-content\/uploads\/2020\/07\/stance-logo-manutencao.png\",\"width\":249,\"height\":104,\"caption\":\"STANCE - Kayak Tours Benagil\"},\"image\":{\"@id\":\"https:\/\/stancesup.com\/#\/schema\/logo\/image\/\"},\"sameAs\":[\"https:\/\/www.facebook.com\/stancesup\",\"https:\/\/www.instagram.com\/stancesup\/\"]}]}<\/script>\n<!-- \/ Yoast SEO plugin. -->","yoast_head_json":{"title":"STANCE - Sup &amp; Kayak Benagil - Discover Benagil in Kayak","description":"Set out to discover Kayak, in peace with nature.In addition to the Benagil Cave which is considered one of the most famous caves in the world, the coast...","robots":{"index":"index","follow":"follow","max-snippet":"max-snippet:-1","max-image-preview":"max-image-preview:large","max-video-preview":"max-video-preview:-1"},"canonical":"https:\/\/stancesup.com\/en\/activities\/benagil-main-cave-kayak-express-tour\/","og_locale":"en_US","og_type":"article","og_title":"STANCE - Sup &amp; Kayak Benagil - Discover Benagil in Kayak","og_description":"Set out to discover Kayak, in peace with nature.In addition to the Benagil Cave which is considered one of the most famous caves in the world, the coast...","og_url":"https:\/\/stancesup.com\/en\/activities\/benagil-main-cave-kayak-express-tour\/","og_site_name":"STANCE - Sup &amp; Kayak Benagil","article_publisher":"https:\/\/www.facebook.com\/stancesup","article_modified_time":"2026-02-01T09:30:25+00:00","og_image":[{"width":1360,"height":920,"url":"https:\/\/stancesup.com\/wp-content\/uploads\/2023\/02\/1.jpg","type":"image\/jpeg"}],"twitter_card":"summary_large_image","twitter_misc":{"Est. reading time":"1 minute"},"schema":{"@context":"https:\/\/schema.org","@graph":[{"@type":"WebPage","@id":"https:\/\/stancesup.com\/en\/activities\/benagil-main-cave-kayak-express-tour\/","url":"https:\/\/stancesup.com\/en\/activities\/benagil-main-cave-kayak-express-tour\/","name":"STANCE - Sup &amp; Kayak Benagil - Discover Benagil in Kayak","isPartOf":{"@id":"https:\/\/stancesup.com\/#website"},"primaryImageOfPage":{"@id":"https:\/\/stancesup.com\/en\/activities\/benagil-main-cave-kayak-express-tour\/#primaryimage"},"image":{"@id":"https:\/\/stancesup.com\/en\/activities\/benagil-main-cave-kayak-express-tour\/#primaryimage"},"thumbnailUrl":"https:\/\/stancesup.com\/wp-content\/uploads\/2023\/02\/1.jpg","datePublished":"2023-03-30T14:25:56+00:00","dateModified":"2026-02-01T09:30:25+00:00","description":"Set out to discover Kayak, in peace with nature.In addition to the Benagil Cave which is considered one of the most famous caves in the world, the coast...","breadcrumb":{"@id":"https:\/\/stancesup.com\/en\/activities\/benagil-main-cave-kayak-express-tour\/#breadcrumb"},"inLanguage":"en-US","potentialAction":[{"@type":"ReadAction","target":["https:\/\/stancesup.com\/en\/activities\/benagil-main-cave-kayak-express-tour\/"]}]},{"@type":"ImageObject","inLanguage":"en-US","@id":"https:\/\/stancesup.com\/en\/activities\/benagil-main-cave-kayak-express-tour\/#primaryimage","url":"https:\/\/stancesup.com\/wp-content\/uploads\/2023\/02\/1.jpg","contentUrl":"https:\/\/stancesup.com\/wp-content\/uploads\/2023\/02\/1.jpg","width":1360,"height":920},{"@type":"BreadcrumbList","@id":"https:\/\/stancesup.com\/en\/activities\/benagil-main-cave-kayak-express-tour\/#breadcrumb","itemListElement":[{"@type":"ListItem","position":1,"name":"In\u00edcio","item":"https:\/\/stancesup.com\/en\/"},{"@type":"ListItem","position":2,"name":"Shop","item":"https:\/\/stancesup.com\/en\/shop-2\/"},{"@type":"ListItem","position":3,"name":"Express Tour &#8211; Benagil Main Cave 1 hour"}]},{"@type":"WebSite","@id":"https:\/\/stancesup.com\/#website","url":"https:\/\/stancesup.com\/","name":"STANCE - Kayak Tours Benagil","description":"Explore os segredos de Benagil em Kayak. Para al\u00e9m da Gruta de Benagil que \u00e9 considerada uma das grutas mais famosas do Mundo, a costa entre a Praia de Benagil e a Praia da Marinha \u00e9 repleta de grutas e praias desertas apenas acess\u00edveis por \u00e1gua, descubra esta zona paradis\u00edaca do Algarve.","publisher":{"@id":"https:\/\/stancesup.com\/#organization"},"potentialAction":[{"@type":"SearchAction","target":{"@type":"EntryPoint","urlTemplate":"https:\/\/stancesup.com\/?s={search_term_string}"},"query-input":{"@type":"PropertyValueSpecification","valueRequired":true,"valueName":"search_term_string"}}],"inLanguage":"en-US"},{"@type":"Organization","@id":"https:\/\/stancesup.com\/#organization","name":"STANCE - Kayak Tours Benagil","url":"https:\/\/stancesup.com\/","logo":{"@type":"ImageObject","inLanguage":"en-US","@id":"https:\/\/stancesup.com\/#\/schema\/logo\/image\/","url":"https:\/\/stancesup.com\/wp-content\/uploads\/2020\/07\/stance-logo-manutencao.png","contentUrl":"https:\/\/stancesup.com\/wp-content\/uploads\/2020\/07\/stance-logo-manutencao.png","width":249,"height":104,"caption":"STANCE - Kayak Tours Benagil"},"image":{"@id":"https:\/\/stancesup.com\/#\/schema\/logo\/image\/"},"sameAs":["https:\/\/www.facebook.com\/stancesup","https:\/\/www.instagram.com\/stancesup\/"]}]}},"_links":{"self":[{"href":"https:\/\/stancesup.com\/en\/wp-json\/wp\/v2\/product\/12636","targetHints":{"allow":["GET"]}}],"collection":[{"href":"https:\/\/stancesup.com\/en\/wp-json\/wp\/v2\/product"}],"about":[{"href":"https:\/\/stancesup.com\/en\/wp-json\/wp\/v2\/types\/product"}],"replies":[{"embeddable":true,"href":"https:\/\/stancesup.com\/en\/wp-json\/wp\/v2\/comments?post=12636"}],"wp:featuredmedia":[{"embeddable":true,"href":"https:\/\/stancesup.com\/en\/wp-json\/wp\/v2\/media\/12593"}],"wp:attachment":[{"href":"https:\/\/stancesup.com\/en\/wp-json\/wp\/v2\/media?parent=12636"}],"wp:term":[{"taxonomy":"product_brand","embeddable":true,"href":"https:\/\/stancesup.com\/en\/wp-json\/wp\/v2\/product_brand?post=12636"},{"taxonomy":"product_cat","embeddable":true,"href":"https:\/\/stancesup.com\/en\/wp-json\/wp\/v2\/product_cat?post=12636"},{"taxonomy":"product_tag","embeddable":true,"href":"https:\/\/stancesup.com\/en\/wp-json\/wp\/v2\/product_tag?post=12636"}],"curies":[{"name":"wp","href":"https:\/\/api.w.org\/{rel}","templated":true}]}}