{"id":7848,"date":"2020-08-10T11:49:00","date_gmt":"2020-08-10T11:49:00","guid":{"rendered":"http:\/\/stancesup.com\/sobre-nos\/"},"modified":"2020-08-11T11:44:06","modified_gmt":"2020-08-11T11:44:06","slug":"sobre-nosotros","status":"publish","type":"page","link":"https:\/\/stancesup.com\/es\/sobre-nosotros\/","title":{"rendered":"Sobre Nosotros"},"content":{"rendered":"<div class=\"wpb-content-wrapper\"><p>[vc_row el_class=\u00bbvc_hidden-xs\u00bb][vc_column width=\u00bb1\/2&#8243;]<div id=\"la_heading_69f30a5958026\" class=\"la-headings text-left\"><h2 class=\"js-el heading-tag la-unit-responsive\" style=\"\" >SOBRE NOSOTROS<\/h2><\/div>\n[vc_column_text]Somos una empresa especializada en alquiler de material para Stand Up Paddle (SUP) y Kayaks. Brindamos un excelente servicio en la zona, con todas las medidas de seguridad para que pueda disfrutar de las paisajes m\u00e1s bellas de Benagil.[\/vc_column_text]<div id=\"la_divider69f30a5958173\" class=\"js-el la-divider la-unit-responsive\" data-la_component=\"UnitResponsive\"  data-el_target='#la_divider69f30a5958173'  data-el_media_sizes='{&quot;padding-top&quot;:&quot;lg:25px;&quot;}' ><\/div>\n<div id=\"la_heading_69f30a59581fb\" class=\"la-headings text-left\"><h2 class=\"js-el heading-tag la-unit-responsive\" style=\"\"  data-la_component=\"UnitResponsive\"  data-el_target='#la_heading_69f30a59581fb .heading-tag'  data-el_media_sizes='{&quot;font-size&quot;:&quot;lg:20px;&quot;,&quot;line-height&quot;:&quot;&quot;}' >S\u00edguenos<\/h2><\/div>\n<div class=\"social-media-link style-default\"><a href=\"https:\/\/www.facebook.com\/stancesup\" class=\"facebook\" title=\"Facebook\" target=\"_blank\" rel=\"nofollow\"><i class=\"fa fa-facebook\"><\/i><\/a><a href=\"https:\/\/www.instagram.com\/stancesup\/\" class=\"instagram\" title=\"Instagram\" target=\"_blank\" rel=\"nofollow\"><i class=\"fa fa-instagram\"><\/i><\/a><a href=\"https:\/\/www.youtube.com\/channel\/UC9pilXy60cyexX0opNeMVLg\" class=\"youtube\" title=\"Youtube\" target=\"_blank\" rel=\"nofollow\"><i class=\"fa fa-youtube-play\"><\/i><\/a><a href=\"https:\/\/www.tripadvisor.pt\/Attraction_Review-g12741809-d17640935-Reviews-Stance_SUP-Benagil_Lagoa_Faro_District_Algarve.html?m=19905\" class=\"tripadvisor\" title=\"Tripadvisor\" target=\"_blank\" rel=\"nofollow\"><i class=\"fa fa-tripadvisor\"><\/i><\/a><\/div>[\/vc_column][vc_column width=\u00bb1\/2&#8243;][vc_single_image image=\u00bb7679&#8243; img_size=\u00bbfull\u00bb][\/vc_column][\/vc_row][vc_row el_class=\u00bbvc_hidden-lg vc_hidden-md vc_hidden-sm\u00bb][vc_column width=\u00bb1\/2&#8243;][vc_single_image image=\u00bb7679&#8243; img_size=\u00bbfull\u00bb][\/vc_column][vc_column width=\u00bb1\/2&#8243;]<div id=\"la_heading_69f30a59583eb\" class=\"la-headings text-left\"><h2 class=\"js-el heading-tag la-unit-responsive\" style=\"\" >SOBRE NOSOTROS<\/h2><\/div>\n[vc_column_text]Somos una empresa especializada en alquiler de material para Stand Up Paddle (SUP) y Kayaks. Brindamos un excelente servicio en la zona, con todas las medidas de seguridad para que pueda disfrutar de las paisajes m\u00e1s bellas de Benagil.[\/vc_column_text]<div id=\"la_divider69f30a5958432\" class=\"js-el la-divider la-unit-responsive\" data-la_component=\"UnitResponsive\"  data-el_target='#la_divider69f30a5958432'  data-el_media_sizes='{&quot;padding-top&quot;:&quot;lg:25px;&quot;}' ><\/div>\n<div id=\"la_heading_69f30a595848f\" class=\"la-headings text-left\"><h2 class=\"js-el heading-tag la-unit-responsive\" style=\"\"  data-la_component=\"UnitResponsive\"  data-el_target='#la_heading_69f30a595848f .heading-tag'  data-el_media_sizes='{&quot;font-size&quot;:&quot;lg:20px;&quot;,&quot;line-height&quot;:&quot;&quot;}' >S\u00edguenos<\/h2><\/div>\n<div class=\"social-media-link style-default\"><a href=\"https:\/\/www.facebook.com\/stancesup\" class=\"facebook\" title=\"Facebook\" target=\"_blank\" rel=\"nofollow\"><i class=\"fa fa-facebook\"><\/i><\/a><a href=\"https:\/\/www.instagram.com\/stancesup\/\" class=\"instagram\" title=\"Instagram\" target=\"_blank\" rel=\"nofollow\"><i class=\"fa fa-instagram\"><\/i><\/a><a href=\"https:\/\/www.youtube.com\/channel\/UC9pilXy60cyexX0opNeMVLg\" class=\"youtube\" title=\"Youtube\" target=\"_blank\" rel=\"nofollow\"><i class=\"fa fa-youtube-play\"><\/i><\/a><a href=\"https:\/\/www.tripadvisor.pt\/Attraction_Review-g12741809-d17640935-Reviews-Stance_SUP-Benagil_Lagoa_Faro_District_Algarve.html?m=19905\" class=\"tripadvisor\" title=\"Tripadvisor\" target=\"_blank\" rel=\"nofollow\"><i class=\"fa fa-tripadvisor\"><\/i><\/a><\/div>[\/vc_column][\/vc_row]<\/p>\n<\/div>","protected":false},"excerpt":{"rendered":"<p>[vc_row el_class=\u00bbvc_hidden-xs\u00bb][vc_column width=\u00bb1\/2&#8243;][vc_column_text]Somos una empresa especializada en alquiler de material para Stand Up Paddle (SUP) y Kayaks. Brindamos un excelente servicio en la zona, con todas las medidas de seguridad para que pueda disfrutar de las paisajes m\u00e1s bellas de Benagil.[\/vc_column_text][\/vc_column][vc_column width=\u00bb1\/2&#8243;][vc_single_image image=\u00bb7679&#8243; img_size=\u00bbfull\u00bb][\/vc_column][\/vc_row][vc_row el_class=\u00bbvc_hidden-lg vc_hidden-md vc_hidden-sm\u00bb][vc_column width=\u00bb1\/2&#8243;][vc_single_image image=\u00bb7679&#8243; img_size=\u00bbfull\u00bb][\/vc_column][vc_column&hellip;<\/p>\n","protected":false},"author":1,"featured_media":0,"parent":0,"menu_order":0,"comment_status":"closed","ping_status":"closed","template":"","meta":{"footnotes":""},"class_list":["post-7848","page","type-page","status-publish","hentry"],"yoast_head":"<!-- This site is optimized with the Yoast SEO plugin v25.0 - https:\/\/yoast.com\/wordpress\/plugins\/seo\/ -->\n<title>Sobre Nosotros - STANCE - Sup &amp; Kayak Benagil<\/title>\n<meta name=\"robots\" content=\"index, follow, max-snippet:-1, max-image-preview:large, max-video-preview:-1\" \/>\n<link rel=\"canonical\" href=\"https:\/\/stancesup.com\/es\/sobre-nosotros\/\" \/>\n<meta property=\"og:locale\" content=\"es_ES\" \/>\n<meta property=\"og:type\" content=\"article\" \/>\n<meta property=\"og:title\" content=\"Sobre Nosotros - STANCE - Sup &amp; Kayak Benagil\" \/>\n<meta property=\"og:description\" content=\"[vc_row el_class=\u00bbvc_hidden-xs\u00bb][vc_column width=\u00bb1\/2&#8243;][vc_column_text]Somos una empresa especializada en alquiler de material para Stand Up Paddle (SUP) y Kayaks. Brindamos un excelente servicio en la zona, con todas las medidas de seguridad para que pueda disfrutar de las paisajes m\u00e1s bellas de Benagil.[\/vc_column_text][\/vc_column][vc_column width=\u00bb1\/2&#8243;][vc_single_image image=\u00bb7679&#8243; img_size=\u00bbfull\u00bb][\/vc_column][\/vc_row][vc_row el_class=\u00bbvc_hidden-lg vc_hidden-md vc_hidden-sm\u00bb][vc_column width=\u00bb1\/2&#8243;][vc_single_image image=\u00bb7679&#8243; img_size=\u00bbfull\u00bb][\/vc_column][vc_column&hellip;\" \/>\n<meta property=\"og:url\" content=\"https:\/\/stancesup.com\/es\/sobre-nosotros\/\" \/>\n<meta property=\"og:site_name\" content=\"STANCE - Sup &amp; Kayak Benagil\" \/>\n<meta property=\"article:publisher\" content=\"https:\/\/www.facebook.com\/stancesup\" \/>\n<meta property=\"article:modified_time\" content=\"2020-08-11T11:44:06+00:00\" \/>\n<meta name=\"twitter:card\" content=\"summary_large_image\" \/>\n<meta name=\"twitter:label1\" content=\"Tiempo de lectura\" \/>\n\t<meta name=\"twitter:data1\" content=\"1 minuto\" \/>\n<script type=\"application\/ld+json\" class=\"yoast-schema-graph\">{\"@context\":\"https:\/\/schema.org\",\"@graph\":[{\"@type\":\"WebPage\",\"@id\":\"https:\/\/stancesup.com\/es\/sobre-nosotros\/\",\"url\":\"https:\/\/stancesup.com\/es\/sobre-nosotros\/\",\"name\":\"Sobre Nosotros - STANCE - Sup &amp; Kayak Benagil\",\"isPartOf\":{\"@id\":\"https:\/\/stancesup.com\/#website\"},\"datePublished\":\"2020-08-10T11:49:00+00:00\",\"dateModified\":\"2020-08-11T11:44:06+00:00\",\"breadcrumb\":{\"@id\":\"https:\/\/stancesup.com\/es\/sobre-nosotros\/#breadcrumb\"},\"inLanguage\":\"es\",\"potentialAction\":[{\"@type\":\"ReadAction\",\"target\":[\"https:\/\/stancesup.com\/es\/sobre-nosotros\/\"]}]},{\"@type\":\"BreadcrumbList\",\"@id\":\"https:\/\/stancesup.com\/es\/sobre-nosotros\/#breadcrumb\",\"itemListElement\":[{\"@type\":\"ListItem\",\"position\":1,\"name\":\"In\u00edcio\",\"item\":\"https:\/\/stancesup.com\/es\/\"},{\"@type\":\"ListItem\",\"position\":2,\"name\":\"Sobre Nosotros\"}]},{\"@type\":\"WebSite\",\"@id\":\"https:\/\/stancesup.com\/#website\",\"url\":\"https:\/\/stancesup.com\/\",\"name\":\"STANCE - Kayak Tours Benagil\",\"description\":\"Explore os segredos de Benagil em Kayak. Para al\u00e9m da Gruta de Benagil que \u00e9 considerada uma das grutas mais famosas do Mundo, a costa entre a Praia de Benagil e a Praia da Marinha \u00e9 repleta de grutas e praias desertas apenas acess\u00edveis por \u00e1gua, descubra esta zona paradis\u00edaca do Algarve.\",\"publisher\":{\"@id\":\"https:\/\/stancesup.com\/#organization\"},\"potentialAction\":[{\"@type\":\"SearchAction\",\"target\":{\"@type\":\"EntryPoint\",\"urlTemplate\":\"https:\/\/stancesup.com\/?s={search_term_string}\"},\"query-input\":{\"@type\":\"PropertyValueSpecification\",\"valueRequired\":true,\"valueName\":\"search_term_string\"}}],\"inLanguage\":\"es\"},{\"@type\":\"Organization\",\"@id\":\"https:\/\/stancesup.com\/#organization\",\"name\":\"STANCE - Kayak Tours Benagil\",\"url\":\"https:\/\/stancesup.com\/\",\"logo\":{\"@type\":\"ImageObject\",\"inLanguage\":\"es\",\"@id\":\"https:\/\/stancesup.com\/#\/schema\/logo\/image\/\",\"url\":\"https:\/\/stancesup.com\/wp-content\/uploads\/2020\/07\/stance-logo-manutencao.png\",\"contentUrl\":\"https:\/\/stancesup.com\/wp-content\/uploads\/2020\/07\/stance-logo-manutencao.png\",\"width\":249,\"height\":104,\"caption\":\"STANCE - Kayak Tours Benagil\"},\"image\":{\"@id\":\"https:\/\/stancesup.com\/#\/schema\/logo\/image\/\"},\"sameAs\":[\"https:\/\/www.facebook.com\/stancesup\",\"https:\/\/www.instagram.com\/stancesup\/\"]}]}<\/script>\n<!-- \/ Yoast SEO plugin. -->","yoast_head_json":{"title":"Sobre Nosotros - STANCE - Sup &amp; Kayak Benagil","robots":{"index":"index","follow":"follow","max-snippet":"max-snippet:-1","max-image-preview":"max-image-preview:large","max-video-preview":"max-video-preview:-1"},"canonical":"https:\/\/stancesup.com\/es\/sobre-nosotros\/","og_locale":"es_ES","og_type":"article","og_title":"Sobre Nosotros - STANCE - Sup &amp; Kayak Benagil","og_description":"[vc_row el_class=\u00bbvc_hidden-xs\u00bb][vc_column width=\u00bb1\/2&#8243;][vc_column_text]Somos una empresa especializada en alquiler de material para Stand Up Paddle (SUP) y Kayaks. Brindamos un excelente servicio en la zona, con todas las medidas de seguridad para que pueda disfrutar de las paisajes m\u00e1s bellas de Benagil.[\/vc_column_text][\/vc_column][vc_column width=\u00bb1\/2&#8243;][vc_single_image image=\u00bb7679&#8243; img_size=\u00bbfull\u00bb][\/vc_column][\/vc_row][vc_row el_class=\u00bbvc_hidden-lg vc_hidden-md vc_hidden-sm\u00bb][vc_column width=\u00bb1\/2&#8243;][vc_single_image image=\u00bb7679&#8243; img_size=\u00bbfull\u00bb][\/vc_column][vc_column&hellip;","og_url":"https:\/\/stancesup.com\/es\/sobre-nosotros\/","og_site_name":"STANCE - Sup &amp; Kayak Benagil","article_publisher":"https:\/\/www.facebook.com\/stancesup","article_modified_time":"2020-08-11T11:44:06+00:00","twitter_card":"summary_large_image","twitter_misc":{"Tiempo de lectura":"1 minuto"},"schema":{"@context":"https:\/\/schema.org","@graph":[{"@type":"WebPage","@id":"https:\/\/stancesup.com\/es\/sobre-nosotros\/","url":"https:\/\/stancesup.com\/es\/sobre-nosotros\/","name":"Sobre Nosotros - STANCE - Sup &amp; Kayak Benagil","isPartOf":{"@id":"https:\/\/stancesup.com\/#website"},"datePublished":"2020-08-10T11:49:00+00:00","dateModified":"2020-08-11T11:44:06+00:00","breadcrumb":{"@id":"https:\/\/stancesup.com\/es\/sobre-nosotros\/#breadcrumb"},"inLanguage":"es","potentialAction":[{"@type":"ReadAction","target":["https:\/\/stancesup.com\/es\/sobre-nosotros\/"]}]},{"@type":"BreadcrumbList","@id":"https:\/\/stancesup.com\/es\/sobre-nosotros\/#breadcrumb","itemListElement":[{"@type":"ListItem","position":1,"name":"In\u00edcio","item":"https:\/\/stancesup.com\/es\/"},{"@type":"ListItem","position":2,"name":"Sobre Nosotros"}]},{"@type":"WebSite","@id":"https:\/\/stancesup.com\/#website","url":"https:\/\/stancesup.com\/","name":"STANCE - Kayak Tours Benagil","description":"Explore os segredos de Benagil em Kayak. Para al\u00e9m da Gruta de Benagil que \u00e9 considerada uma das grutas mais famosas do Mundo, a costa entre a Praia de Benagil e a Praia da Marinha \u00e9 repleta de grutas e praias desertas apenas acess\u00edveis por \u00e1gua, descubra esta zona paradis\u00edaca do Algarve.","publisher":{"@id":"https:\/\/stancesup.com\/#organization"},"potentialAction":[{"@type":"SearchAction","target":{"@type":"EntryPoint","urlTemplate":"https:\/\/stancesup.com\/?s={search_term_string}"},"query-input":{"@type":"PropertyValueSpecification","valueRequired":true,"valueName":"search_term_string"}}],"inLanguage":"es"},{"@type":"Organization","@id":"https:\/\/stancesup.com\/#organization","name":"STANCE - Kayak Tours Benagil","url":"https:\/\/stancesup.com\/","logo":{"@type":"ImageObject","inLanguage":"es","@id":"https:\/\/stancesup.com\/#\/schema\/logo\/image\/","url":"https:\/\/stancesup.com\/wp-content\/uploads\/2020\/07\/stance-logo-manutencao.png","contentUrl":"https:\/\/stancesup.com\/wp-content\/uploads\/2020\/07\/stance-logo-manutencao.png","width":249,"height":104,"caption":"STANCE - Kayak Tours Benagil"},"image":{"@id":"https:\/\/stancesup.com\/#\/schema\/logo\/image\/"},"sameAs":["https:\/\/www.facebook.com\/stancesup","https:\/\/www.instagram.com\/stancesup\/"]}]}},"_links":{"self":[{"href":"https:\/\/stancesup.com\/es\/wp-json\/wp\/v2\/pages\/7848","targetHints":{"allow":["GET"]}}],"collection":[{"href":"https:\/\/stancesup.com\/es\/wp-json\/wp\/v2\/pages"}],"about":[{"href":"https:\/\/stancesup.com\/es\/wp-json\/wp\/v2\/types\/page"}],"author":[{"embeddable":true,"href":"https:\/\/stancesup.com\/es\/wp-json\/wp\/v2\/users\/1"}],"replies":[{"embeddable":true,"href":"https:\/\/stancesup.com\/es\/wp-json\/wp\/v2\/comments?post=7848"}],"version-history":[{"count":0,"href":"https:\/\/stancesup.com\/es\/wp-json\/wp\/v2\/pages\/7848\/revisions"}],"wp:attachment":[{"href":"https:\/\/stancesup.com\/es\/wp-json\/wp\/v2\/media?parent=7848"}],"curies":[{"name":"wp","href":"https:\/\/api.w.org\/{rel}","templated":true}]}}